{"id":82,"date":"2025-10-16T11:38:32","date_gmt":"2025-10-16T11:38:32","guid":{"rendered":"https:\/\/uorvape.com\/?page_id=82"},"modified":"2025-10-26T14:17:24","modified_gmt":"2025-10-26T14:17:24","slug":"uber-uns","status":"publish","type":"page","link":"https:\/\/uorvape.com\/de\/uber-uns\/","title":{"rendered":"\u00dcber uns"},"content":{"rendered":"<p class=\"has-text-align-center\">Die Existenz von <strong>UOR<\/strong> hat nur einen Grund: <strong>\u201cDu hast nur einen Grund.\u201d<\/strong> Das glauben wir <strong>Ihre Wahl, Ihre Leidenschaft und Ihr einzigartiger Weg<\/strong> sind der Anfang und das Ende von allem. <strong>Benutzerzentriert<\/strong>, die Sie dabei unterst\u00fctzt, Ihr eigenes Leben zu definieren \u2013 nicht f\u00fcr jemand anderen, sondern <strong>nur f\u00fcr dich selbst.<\/strong><\/p>\n\n\n\n<p class=\"has-text-align-center\"><strong>UOR<\/strong> ist ein Symbol f\u00fcr <strong>pers\u00f6nliche Erm\u00e4chtigung<\/strong>. <strong>Freiheit, die Sie sich wirklich w\u00fcnschen<\/strong> von innen. <strong>B\u00fchne<\/strong> f\u00fcr dich <strong>Entz\u00fcnde deinen eigenen Verstand.<\/strong><\/p>\n\n\n\n<p class=\"has-text-align-center\">Unsere Produktdesignphilosophie basiert auf dem Streben nach dem <strong>ultimative Erfahrung<\/strong>, wo alles geschaffen ist, um zu dienen <strong>dein<\/strong> Sinne. , <strong>UOR<\/strong> setzt sich daf\u00fcr ein, dass alle elektronischen Komponenten verwendet werden <strong>Hochwertige recycelbare Materialien<\/strong>, Wir garantieren, dass wir Ihre Leidenschaft unterst\u00fctzen <strong>Wir sch\u00fctzen unser gemeinsames Zuhause verantwortungsvoll.<\/strong><\/p>\n\n\n\n<p class=\"has-text-align-center\"><strong>Qualit\u00e4t ist unser absoluter Ma\u00dfstab.<\/strong> <strong>UOR ist im Vereinigten K\u00f6nigreich registriert<\/strong> und h\u00e4lt sich strikt an die h\u00f6chsten internationalen Qualit\u00e4tsstandards, um sicherzustellen, dass jedes Produkt, das Sie besitzen, vertrauensw\u00fcrdig ist. , <strong>Wenn Sie \u201cU\u201d an die erste Stelle setzen, m\u00fcssen wir auch unser Bestes geben.<\/strong><\/p>\n\n\n<div class=\"wp-block-image\">\n<figure class=\"aligncenter size-large\"><img alt=\"\u00fcber 1,3 Milliarden Tabakkonsumenten.\" loading=\"lazy\" decoding=\"async\" width=\"1024\" height=\"402\" src=\"https:\/\/uorvape.com\/wp-content\/uploads\/2025\/10\/smoker-1024x402.png\" class=\"wp-image-887\" srcset=\"https:\/\/uorvape.com\/wp-content\/uploads\/2025\/10\/smoker-1024x402.png 1024w, https:\/\/uorvape.com\/wp-content\/uploads\/2025\/10\/smoker-300x118.png 300w, https:\/\/uorvape.com\/wp-content\/uploads\/2025\/10\/smoker-768x301.png 768w, https:\/\/uorvape.com\/wp-content\/uploads\/2025\/10\/smoker-1536x602.png 1536w, https:\/\/uorvape.com\/wp-content\/uploads\/2025\/10\/smoker-18x7.png 18w, https:\/\/uorvape.com\/wp-content\/uploads\/2025\/10\/smoker-600x235.png 600w, https:\/\/uorvape.com\/wp-content\/uploads\/2025\/10\/smoker.png 1632w\" sizes=\"auto, (max-width: 1024px) 100vw, 1024px\" \/><\/figure>\n<\/div>\n\n\n<p class=\"has-text-align-center\">Rauchen stellt weltweit eine gro\u00dfe Herausforderung f\u00fcr die Gesundheit dar <strong>\u00fcber 7 Millionen Todesf\u00e4lle pro Jahr<\/strong> laut WHO durch direkten und Passivrauch verursacht. <strong>Es bleibt das<\/strong> h\u00e4ufigste vermeidbare Todesursache <strong>und Krankheiten weltweit.<\/strong>, Mit.<\/p>","protected":false},"excerpt":{"rendered":"<p>Die Existenz von UOR hat nur einen Grund: \u201cU Only Reason\u201d.<\/p>","protected":false},"author":1,"featured_media":0,"parent":0,"menu_order":0,"comment_status":"closed","ping_status":"closed","template":"","meta":{"_acf_changed":false,"_seopress_robots_primary_cat":"","_seopress_titles_title":"","_seopress_titles_desc":"","_seopress_robots_index":"","footnotes":""},"class_list":["post-82","page","type-page","status-publish","hentry"],"acf":[],"_links":{"self":[{"href":"https:\/\/uorvape.com\/de\/wp-json\/wp\/v2\/pages\/82","targetHints":{"allow":["GET"]}}],"collection":[{"href":"https:\/\/uorvape.com\/de\/wp-json\/wp\/v2\/pages"}],"about":[{"href":"https:\/\/uorvape.com\/de\/wp-json\/wp\/v2\/types\/page"}],"author":[{"embeddable":true,"href":"https:\/\/uorvape.com\/de\/wp-json\/wp\/v2\/users\/1"}],"replies":[{"embeddable":true,"href":"https:\/\/uorvape.com\/de\/wp-json\/wp\/v2\/comments?post=82"}],"version-history":[{"count":0,"href":"https:\/\/uorvape.com\/de\/wp-json\/wp\/v2\/pages\/82\/revisions"}],"wp:attachment":[{"href":"https:\/\/uorvape.com\/de\/wp-json\/wp\/v2\/media?parent=82"}],"curies":[{"name":"wp","href":"https:\/\/api.w.org\/{rel}","templated":true}]}}