{"id":740,"date":"2025-10-25T08:24:48","date_gmt":"2025-10-25T08:24:48","guid":{"rendered":"https:\/\/uorvape.com\/?post_type=product&#038;p=740"},"modified":"2025-10-25T09:09:39","modified_gmt":"2025-10-25T09:09:39","slug":"120k-4-in-1-erdbeere-wassermelone-kiwi-passionsfrucht-guave-mango-eis-wassermelone-saurer-pfirsich","status":"publish","type":"product","link":"https:\/\/uorvape.com\/de\/product\/120k-4-in-1-erdbeere-wassermelone-kiwi-passionsfrucht-guave-mango-eis-wassermelone-saurer-pfirsich\/","title":{"rendered":"UOR 120K 4 IN 1 \u2013 Erdbeer-Wassermelone &amp; Kiwi-Passionsfrucht-Guave &amp; Mango-Eis &amp; Wassermelone-Sauer-Pfirsich"},"content":{"rendered":"<h3>UOR 120K: Die Einweg-Vape-Landschaft neu definieren<\/h3>\n<p>Sind Sie bereit f\u00fcr die n\u00e4chste Welle des Gewinnwachstums?<\/p>\n<h4>Technologischer H\u00f6hepunkt: Quad-Core-Power, K\u00f6nig des Geschmacks<\/h4>\n<p>Das Herzst\u00fcck des UOR 120K ist seine exklusive Quad-Flavor-Technologie, die das Branchenproblem gemischter Geschmacksrichtungen vollst\u00e4ndig l\u00f6st. .<\/p>\n<p>Diese kraftvolle Leistung wird durch vier 1,0-Omega-Quad-Mesh-Spulen angetrieben, die synchron arbeiten, um eine maximale Dampfproduktion** und einen unglaublich gleichm\u00e4\u00dfigen Zug zu liefern.<\/p>\n<h4>Epische Ausdauer: Keine Angst, dauerhafter Sieg<\/h4>\n<p>Mit einer erstaunlichen Anzahl von 120.000 Z\u00fcgen und einer enormen E-Liquid-Kapazit\u00e4t von 64 ml ist die Lebensdauer des UOR Titan f\u00fcnfmal l\u00e4nger als die der Konkurrenz. .<\/p>\n<h4>Der Gewinncode des Gro\u00dfh\u00e4ndlers: Warum sich f\u00fcr 120K entscheiden?<\/h4>\n<p>Wenn Sie sich f\u00fcr UOR entscheiden, sichern Sie sich h\u00f6here Gewinnspannen und einen stabileren Kundenstamm:<\/p>\n<p>Starke Preismacht: Aufgrund seiner un\u00fcbertroffenen Technologie und Langlebigkeit erzielt der UOR einen Preisvorteil von 50% gegen\u00fcber Standard-Einwegartikeln auf dem Markt, was Ihren Gesch\u00e4ftsumsatz erheblich steigert.<br \/>\nNull-Beschwerde-Design: Wir verwenden erstklassige Komponenten und eine pr\u00e4zise Aromatrennung, um eine stabile Leistung und eine extrem niedrige Ausfallrate zu gew\u00e4hrleisten, wodurch Sie erhebliche Kosten und Zeit beim Kundendienst sparen.<br \/>\nMarktbeherrschung: Die Haltbarkeit von 120.000 Puffs und die Vierfach-Geschmacksfunktion machen es zu einem seltenen, stark nachgefragten Produkt, sodass Sie sich schnell Marktanteile gegen\u00fcber der Konkurrenz sichern k\u00f6nnen.<\/p>\n<p>Nutzen Sie jetzt die Gelegenheit \u2013 nehmen Sie den UOR 120K in Ihr Inventar auf und werden Sie Marktf\u00fchrer!<\/p>","protected":false},"excerpt":{"rendered":"<p>Starten Sie in ein aufregendes <b>\u201cTropisches Frostabenteuer\u201d<\/b>. . <b>Erdbeer-Wassermelone<\/b>, \u00d6ffne den Vorhang mit dem Klassiker <b>, die sonnigste und saftigste Fruchtkollision erleben;<\/b>, Als n\u00e4chstes betreten Sie die exotische Welt von <b>Kiwi-Passionsfrucht-Guave<\/b>, bei dem drei tropische Fr\u00fcchte aufwendig miteinander verwoben sind, um eine vielschichtige S\u00fc\u00dfe und eine leichte S\u00e4ure zu erzeugen und eine reichhaltige Textur zu bieten; <b>Wassermelonen-Sauerpfirsich<\/b>, Dann genie\u00dfen Sie das Reine.<\/p>\n<p><b>Mango-Eis.<\/b><\/p>","protected":false},"featured_media":721,"template":"","meta":{"_acf_changed":false,"_seopress_robots_primary_cat":"","_seopress_titles_title":"","_seopress_titles_desc":"","_seopress_robots_index":""},"product_brand":[40],"product_cat":[39],"product_tag":[],"class_list":{"0":"post-740","1":"product","2":"type-product","3":"status-publish","4":"has-post-thumbnail","6":"product_brand-uor","7":"product_cat-120k","9":"first","10":"instock","11":"sale","12":"shipping-taxable","13":"purchasable","14":"product-type-simple"},"acf":[],"_links":{"self":[{"href":"https:\/\/uorvape.com\/de\/wp-json\/wp\/v2\/product\/740","targetHints":{"allow":["GET"]}}],"collection":[{"href":"https:\/\/uorvape.com\/de\/wp-json\/wp\/v2\/product"}],"about":[{"href":"https:\/\/uorvape.com\/de\/wp-json\/wp\/v2\/types\/product"}],"wp:featuredmedia":[{"embeddable":true,"href":"https:\/\/uorvape.com\/de\/wp-json\/wp\/v2\/media\/721"}],"wp:attachment":[{"href":"https:\/\/uorvape.com\/de\/wp-json\/wp\/v2\/media?parent=740"}],"wp:term":[{"taxonomy":"product_brand","embeddable":true,"href":"https:\/\/uorvape.com\/de\/wp-json\/wp\/v2\/product_brand?post=740"},{"taxonomy":"product_cat","embeddable":true,"href":"https:\/\/uorvape.com\/de\/wp-json\/wp\/v2\/product_cat?post=740"},{"taxonomy":"product_tag","embeddable":true,"href":"https:\/\/uorvape.com\/de\/wp-json\/wp\/v2\/product_tag?post=740"}],"curies":[{"name":"wp","href":"https:\/\/api.w.org\/{rel}","templated":true}]}}