{"id":82,"date":"2025-10-16T11:38:32","date_gmt":"2025-10-16T11:38:32","guid":{"rendered":"https:\/\/uorvape.com\/?page_id=82"},"modified":"2025-10-26T14:17:24","modified_gmt":"2025-10-26T14:17:24","slug":"about-us","status":"publish","type":"page","link":"https:\/\/uorvape.com\/es\/about-us\/","title":{"rendered":"Sobre nosotros"},"content":{"rendered":"<p class=\"has-text-align-center\">la existencia de <strong>UOR<\/strong> es por una sola raz\u00f3n: <strong>\u201cUsa \u00fanica raz\u00f3n\u201d.\u201d<\/strong> Creemos que <strong>tu elecci\u00f3n, tu pasi\u00f3n y tu camino \u00fanico<\/strong> son el principio y el fin de todo. <strong>centrado en el usuario<\/strong>, apoy\u00e1ndote a definir tu propia vida, no para nadie m\u00e1s, pero <strong>s\u00f3lo para ti.<\/strong><\/p>\n\n\n\n<p class=\"has-text-align-center\"><strong>UOR<\/strong> es un s\u00edmbolo de <strong>empoderamiento personal<\/strong>. <strong>libertad que realmente deseas<\/strong> desde dentro. <strong>escenario<\/strong> para que usted <strong>enciende tu propia raz\u00f3n.<\/strong><\/p>\n\n\n\n<p class=\"has-text-align-center\">Nuestra filosof\u00eda de dise\u00f1o de productos surge de la b\u00fasqueda de la <strong>experiencia definitiva<\/strong>, donde todo est\u00e1 creado para servir <strong>su<\/strong> sentido. , <strong>UOR<\/strong> se compromete a garantizar que todos los componentes electr\u00f3nicos utilicen <strong>materiales reciclables de alto est\u00e1ndar<\/strong>, garantizando que mientras apoyamos tu pasi\u00f3n, tambi\u00e9n <strong>proteger responsablemente nuestro hogar compartido.<\/strong><\/p>\n\n\n\n<p class=\"has-text-align-center\"><strong>La calidad es nuestro est\u00e1ndar absoluto.<\/strong> <strong>UOR est\u00e1 registrada en el Reino Unido.<\/strong> y cumple estrictamente con los m\u00e1s altos est\u00e1ndares de calidad internacionales, lo que garantiza que cada producto que posee sea confiable. , <strong>cuando pones la \u201cU\u201d en primer lugar, tambi\u00e9n debemos dar lo mejor de nosotros.<\/strong><\/p>\n\n\n<div class=\"wp-block-image\">\n<figure class=\"aligncenter size-large\"><img alt=\"m\u00e1s de 1.300 millones de consumidores de tabaco.\" loading=\"lazy\" decoding=\"async\" width=\"1024\" height=\"402\" src=\"https:\/\/uorvape.com\/wp-content\/uploads\/2025\/10\/smoker-1024x402.png\" class=\"wp-image-887\" srcset=\"https:\/\/uorvape.com\/wp-content\/uploads\/2025\/10\/smoker-1024x402.png 1024w, https:\/\/uorvape.com\/wp-content\/uploads\/2025\/10\/smoker-300x118.png 300w, https:\/\/uorvape.com\/wp-content\/uploads\/2025\/10\/smoker-768x301.png 768w, https:\/\/uorvape.com\/wp-content\/uploads\/2025\/10\/smoker-1536x602.png 1536w, https:\/\/uorvape.com\/wp-content\/uploads\/2025\/10\/smoker-18x7.png 18w, https:\/\/uorvape.com\/wp-content\/uploads\/2025\/10\/smoker-600x235.png 600w, https:\/\/uorvape.com\/wp-content\/uploads\/2025\/10\/smoker.png 1632w\" sizes=\"auto, (max-width: 1024px) 100vw, 1024px\" \/><\/figure>\n<\/div>\n\n\n<p class=\"has-text-align-center\">Fumar plantea graves desaf\u00edos para la salud mundial, provocando <strong>m\u00e1s de 7 millones de muertes al a\u00f1o<\/strong> por el humo directo y pasivo, seg\u00fan la OMS. <strong>Sigue siendo el<\/strong> principal causa evitable de muerte <strong>y enfermedades en todo el mundo.<\/strong>, con.<\/p>","protected":false},"excerpt":{"rendered":"<p>La existencia de la UOR se debe a una sola raz\u00f3n: \u201cU Only Reason\u201d.<\/p>","protected":false},"author":1,"featured_media":0,"parent":0,"menu_order":0,"comment_status":"closed","ping_status":"closed","template":"","meta":{"_acf_changed":false,"_seopress_robots_primary_cat":"","_seopress_titles_title":"","_seopress_titles_desc":"","_seopress_robots_index":"","footnotes":""},"class_list":["post-82","page","type-page","status-publish","hentry"],"acf":[],"_links":{"self":[{"href":"https:\/\/uorvape.com\/es\/wp-json\/wp\/v2\/pages\/82","targetHints":{"allow":["GET"]}}],"collection":[{"href":"https:\/\/uorvape.com\/es\/wp-json\/wp\/v2\/pages"}],"about":[{"href":"https:\/\/uorvape.com\/es\/wp-json\/wp\/v2\/types\/page"}],"author":[{"embeddable":true,"href":"https:\/\/uorvape.com\/es\/wp-json\/wp\/v2\/users\/1"}],"replies":[{"embeddable":true,"href":"https:\/\/uorvape.com\/es\/wp-json\/wp\/v2\/comments?post=82"}],"version-history":[{"count":0,"href":"https:\/\/uorvape.com\/es\/wp-json\/wp\/v2\/pages\/82\/revisions"}],"wp:attachment":[{"href":"https:\/\/uorvape.com\/es\/wp-json\/wp\/v2\/media?parent=82"}],"curies":[{"name":"wp","href":"https:\/\/api.w.org\/{rel}","templated":true}]}}