{"id":164,"date":"2025-10-23T06:47:52","date_gmt":"2025-10-23T06:47:52","guid":{"rendered":"https:\/\/uorvape.com\/?post_type=product&#038;p=164"},"modified":"2025-10-25T09:09:10","modified_gmt":"2025-10-25T09:09:10","slug":"saboreando-el-bocado-crujiente-y-helado-de-la-manzana-con-un-final-limpio","status":"publish","type":"product","link":"https:\/\/uorvape.com\/es\/product\/saboreando-el-bocado-crujiente-y-helado-de-la-manzana-con-un-final-limpio\/","title":{"rendered":"UOR 120K 4 EN 1 \u2013 Helado de sand\u00eda, menta de ar\u00e1ndanos, hielo de manzana Fuji y romance de lima"},"content":{"rendered":"<h3>UOR 120K: Redefiniendo el panorama de los cigarrillos electr\u00f3nicos desechables<\/h3>\n<p>\u00bfEst\u00e1s preparado para la pr\u00f3xima ola de crecimiento de beneficios?<\/p>\n<h4>Pico tecnol\u00f3gico: potencia de cuatro n\u00facleos, rey del sabor<\/h4>\n<p>En el coraz\u00f3n del UOR 120K se encuentra su exclusiva tecnolog\u00eda Quad-Flavor, que resuelve por completo el problema de los sabores mixtos de la industria. .<\/p>\n<p>Este potente rendimiento est\u00e1 impulsado por cuatro bobinas de malla cu\u00e1druple 1.0\\Omega, que trabajan en sincronizaci\u00f3n para ofrecer la m\u00e1xima producci\u00f3n de vapor** y una aspiraci\u00f3n incre\u00edblemente suave.<\/p>\n<h4>Resistencia \u00e9pica: ansiedad cero, victoria duradera<\/h4>\n<p>Con un asombroso n\u00famero de caladas de 120.000 y una enorme capacidad de e-l\u00edquido de 64 ml, la vida \u00fatil del UOR Titan es 5 veces m\u00e1s larga que la de la competencia. .<\/p>\n<h4>El c\u00f3digo de beneficio del mayorista: por qu\u00e9 elegir el 120K<\/h4>\n<p>Elegir UOR significa garantizar mayores m\u00e1rgenes de beneficio y una base de clientes m\u00e1s estable:<\/p>\n<p>Fuerte poder de fijaci\u00f3n de precios: debido a su tecnolog\u00eda incomparable y su longevidad, la UOR ofrece una prima 50% sobre los desechables est\u00e1ndar en el mercado, lo que aumenta significativamente los ingresos de su negocio.<br \/>\nDise\u00f1o sin quejas: utilizamos componentes de primera calidad y separaci\u00f3n de sabores de precisi\u00f3n para garantizar un rendimiento estable y una tasa de fallas extremadamente baja, lo que le ahorra costos y tiempo sustanciales en soporte posventa.<br \/>\nDominio del mercado: La vida \u00fatil de 120.000 caladas y la funci\u00f3n de cuatro sabores lo convierten en un producto escaso y de alta demanda, lo que le permite asegurar r\u00e1pidamente una cuota de mercado frente a la competencia.<\/p>\n<p>Aproveche la oportunidad ahora: introduzca el UOR 120K en su inventario y convi\u00e9rtase en el l\u00edder del mercado.<\/p>","protected":false},"excerpt":{"rendered":"<p>Experimenta el <b>\u201cEscalofr\u00edo definitivo\u201d<\/b> paquete de sabor. <b>Hielo de sand\u00eda<\/b>, Comience con la jugosa dulzura de <b>Menta de ar\u00e1ndanos<\/b>, sintiendo el choque entre la dulzura de la pulpa de la fruta y el frescor helado; <b>Hielo de manzana Fuji<\/b>, cambiar a <b>romance de lima<\/b>, disfrutando de la combinaci\u00f3n perfecta de riqueza de bayas y frescura arom\u00e1tica de menta;.<\/p>\n<p><b>luego pasar a.<\/b><\/p>","protected":false},"featured_media":175,"template":"","meta":{"_acf_changed":false,"_seopress_robots_primary_cat":"","_seopress_titles_title":"","_seopress_titles_desc":"","_seopress_robots_index":""},"product_brand":[40],"product_cat":[39],"product_tag":[],"class_list":{"0":"post-164","1":"product","2":"type-product","3":"status-publish","4":"has-post-thumbnail","6":"product_brand-uor","7":"product_cat-120k","9":"first","10":"instock","11":"sale","12":"shipping-taxable","13":"purchasable","14":"product-type-simple"},"acf":[],"_links":{"self":[{"href":"https:\/\/uorvape.com\/es\/wp-json\/wp\/v2\/product\/164","targetHints":{"allow":["GET"]}}],"collection":[{"href":"https:\/\/uorvape.com\/es\/wp-json\/wp\/v2\/product"}],"about":[{"href":"https:\/\/uorvape.com\/es\/wp-json\/wp\/v2\/types\/product"}],"wp:featuredmedia":[{"embeddable":true,"href":"https:\/\/uorvape.com\/es\/wp-json\/wp\/v2\/media\/175"}],"wp:attachment":[{"href":"https:\/\/uorvape.com\/es\/wp-json\/wp\/v2\/media?parent=164"}],"wp:term":[{"taxonomy":"product_brand","embeddable":true,"href":"https:\/\/uorvape.com\/es\/wp-json\/wp\/v2\/product_brand?post=164"},{"taxonomy":"product_cat","embeddable":true,"href":"https:\/\/uorvape.com\/es\/wp-json\/wp\/v2\/product_cat?post=164"},{"taxonomy":"product_tag","embeddable":true,"href":"https:\/\/uorvape.com\/es\/wp-json\/wp\/v2\/product_tag?post=164"}],"curies":[{"name":"wp","href":"https:\/\/api.w.org\/{rel}","templated":true}]}}