{"id":82,"date":"2025-10-16T11:38:32","date_gmt":"2025-10-16T11:38:32","guid":{"rendered":"https:\/\/uorvape.com\/?page_id=82"},"modified":"2025-10-26T14:17:24","modified_gmt":"2025-10-26T14:17:24","slug":"a-propos-de-nous","status":"publish","type":"page","link":"https:\/\/uorvape.com\/fr\/a-propos-de-nous\/","title":{"rendered":"\u00c0 propos de nous"},"content":{"rendered":"<p class=\"has-text-align-center\">L'existence de <strong>UOR<\/strong> c'est pour une seule raison : <strong>\u201cU Seule Raison.\u201d<\/strong> Nous croyons que <strong>votre choix, votre passion et votre parcours unique<\/strong> sont le d\u00e9but et la fin de tout. <strong>centr\u00e9 sur l'utilisateur<\/strong>, vous aidant \u00e0 d\u00e9finir votre propre vie, pas pour quelqu'un d'autre, mais <strong>seulement pour vous-m\u00eame.<\/strong><\/p>\n\n\n\n<p class=\"has-text-align-center\"><strong>UOR<\/strong> est un symbole de <strong>autonomisation personnelle<\/strong>. <strong>la libert\u00e9 que tu d\u00e9sires vraiment<\/strong> de l'int\u00e9rieur. <strong>sc\u00e8ne<\/strong> pour que tu <strong>enflammez votre propre raison.<\/strong><\/p>\n\n\n\n<p class=\"has-text-align-center\">Notre philosophie de conception de produits d\u00e9coule de la poursuite du <strong>exp\u00e9rience ultime<\/strong>, o\u00f9 tout est cr\u00e9\u00e9 pour servir <strong>ton<\/strong> sens. , <strong>UOR<\/strong> s'engage \u00e0 garantir que tous les composants \u00e9lectroniques utilisent <strong>mat\u00e9riaux recyclables de haute qualit\u00e9<\/strong>, garantissant qu'en soutenant votre passion, nous <strong>prot\u00e9ger de mani\u00e8re responsable notre maison commune.<\/strong><\/p>\n\n\n\n<p class=\"has-text-align-center\"><strong>La qualit\u00e9 est notre norme absolue.<\/strong> <strong>UOR est enregistr\u00e9 au Royaume-Uni<\/strong> et adh\u00e8re strictement aux normes de qualit\u00e9 internationales les plus \u00e9lev\u00e9es, garantissant que chaque produit que vous d\u00e9tenez est digne de confiance. , <strong>lorsque vous mettez le \u201c\u00a0U\u00a0\u201d en premier, nous devons \u00e9galement donner le meilleur de nous-m\u00eames.<\/strong><\/p>\n\n\n<div class=\"wp-block-image\">\n<figure class=\"aligncenter size-large\"><img alt=\"plus de 1,3 milliard de consommateurs de tabac.\" loading=\"lazy\" decoding=\"async\" width=\"1024\" height=\"402\" src=\"https:\/\/uorvape.com\/wp-content\/uploads\/2025\/10\/smoker-1024x402.png\" class=\"wp-image-887\" srcset=\"https:\/\/uorvape.com\/wp-content\/uploads\/2025\/10\/smoker-1024x402.png 1024w, https:\/\/uorvape.com\/wp-content\/uploads\/2025\/10\/smoker-300x118.png 300w, https:\/\/uorvape.com\/wp-content\/uploads\/2025\/10\/smoker-768x301.png 768w, https:\/\/uorvape.com\/wp-content\/uploads\/2025\/10\/smoker-1536x602.png 1536w, https:\/\/uorvape.com\/wp-content\/uploads\/2025\/10\/smoker-18x7.png 18w, https:\/\/uorvape.com\/wp-content\/uploads\/2025\/10\/smoker-600x235.png 600w, https:\/\/uorvape.com\/wp-content\/uploads\/2025\/10\/smoker.png 1632w\" sizes=\"auto, (max-width: 1024px) 100vw, 1024px\" \/><\/figure>\n<\/div>\n\n\n<p class=\"has-text-align-center\">Le tabagisme pose de graves probl\u00e8mes de sant\u00e9 mondiale, provoquant <strong>plus de 7 millions de d\u00e9c\u00e8s par an<\/strong> de la fum\u00e9e directe et secondaire, selon l'OMS. <strong>Il reste le<\/strong> principale cause de d\u00e9c\u00e8s \u00e9vitable <strong>et la maladie dans le monde entier.<\/strong>, Avec.<\/p>","protected":false},"excerpt":{"rendered":"<p>L\u2019existence de l\u2019UOR n\u2019a qu\u2019une seule raison : \u201c U Only Reason \u201d.<\/p>","protected":false},"author":1,"featured_media":0,"parent":0,"menu_order":0,"comment_status":"closed","ping_status":"closed","template":"","meta":{"_acf_changed":false,"_seopress_robots_primary_cat":"","_seopress_titles_title":"","_seopress_titles_desc":"","_seopress_robots_index":"","footnotes":""},"class_list":["post-82","page","type-page","status-publish","hentry"],"acf":[],"_links":{"self":[{"href":"https:\/\/uorvape.com\/fr\/wp-json\/wp\/v2\/pages\/82","targetHints":{"allow":["GET"]}}],"collection":[{"href":"https:\/\/uorvape.com\/fr\/wp-json\/wp\/v2\/pages"}],"about":[{"href":"https:\/\/uorvape.com\/fr\/wp-json\/wp\/v2\/types\/page"}],"author":[{"embeddable":true,"href":"https:\/\/uorvape.com\/fr\/wp-json\/wp\/v2\/users\/1"}],"replies":[{"embeddable":true,"href":"https:\/\/uorvape.com\/fr\/wp-json\/wp\/v2\/comments?post=82"}],"version-history":[{"count":0,"href":"https:\/\/uorvape.com\/fr\/wp-json\/wp\/v2\/pages\/82\/revisions"}],"wp:attachment":[{"href":"https:\/\/uorvape.com\/fr\/wp-json\/wp\/v2\/media?parent=82"}],"curies":[{"name":"wp","href":"https:\/\/api.w.org\/{rel}","templated":true}]}}