{"id":164,"date":"2025-10-23T06:47:52","date_gmt":"2025-10-23T06:47:52","guid":{"rendered":"https:\/\/uorvape.com\/?post_type=product&#038;p=164"},"modified":"2025-10-25T09:09:10","modified_gmt":"2025-10-25T09:09:10","slug":"uor-120k-4-in-1-watermelon-ice-blueberry-mint-fuji-apple-ice-lime-romance","status":"publish","type":"product","link":"https:\/\/uorvape.com\/fr\/product\/uor-120k-4-in-1-watermelon-ice-blueberry-mint-fuji-apple-ice-lime-romance\/","title":{"rendered":"UOR 120K 4 EN 1 \u2013 Glace \u00e0 la past\u00e8que et myrtille, menthe et glace aux pommes Fuji et romance au citron vert"},"content":{"rendered":"<h3>UOR 120K\u00a0: red\u00e9finir le paysage des vapes jetables<\/h3>\n<p>\u00cates-vous pr\u00eat pour la prochaine vague de croissance des b\u00e9n\u00e9fices ?<\/p>\n<h4>Sommet technologique\u00a0: puissance quadric\u0153ur, roi de la saveur<\/h4>\n<p>Au c\u0153ur de l'UOR 120K se trouve sa technologie exclusive Quad-Flavor, qui r\u00e9sout enti\u00e8rement le probl\u00e8me des saveurs m\u00e9lang\u00e9es dans l'industrie. .<\/p>\n<p>Cette performance puissante est pilot\u00e9e par quatre bobines 1.0\\Omega Quad Mesh, travaillant en synchronisation pour offrir une production maximale de vapeur** et un tirage incroyablement fluide.<\/p>\n<h4>Endurance \u00e9pique\u00a0:\u00a0z\u00e9ro anxi\u00e9t\u00e9, victoire durable<\/h4>\n<p>Avec un nombre \u00e9tonnant de 120\u00a0000 bouff\u00e9es et une \u00e9norme capacit\u00e9 d\u2019e-liquide de 64 ml, la dur\u00e9e de vie de l\u2019UOR Titan est 5 fois plus longue que celle de ses concurrents. .<\/p>\n<h4>Le code de profit du grossiste\u00a0: pourquoi choisir le 120K<\/h4>\n<p>Choisir UOR, c\u2019est s\u2019assurer des marges b\u00e9n\u00e9ficiaires plus \u00e9lev\u00e9es et une client\u00e8le plus stable :<\/p>\n<p>Fort pouvoir de tarification\u00a0: en raison de sa technologie et de sa long\u00e9vit\u00e9 in\u00e9gal\u00e9es, l'UOR offre une prime 50% par rapport aux produits jetables standard du march\u00e9, augmentant ainsi consid\u00e9rablement les revenus de votre entreprise.<br \/>\nConception sans r\u00e9clamation\u00a0: nous utilisons des composants de qualit\u00e9 sup\u00e9rieure et une s\u00e9paration pr\u00e9cise des saveurs pour garantir des performances stables et un taux de d\u00e9faillance extr\u00eamement faible, vous permettant ainsi d'\u00e9conomiser des co\u00fbts et du temps substantiels sur le support apr\u00e8s-vente.<br \/>\nDominance du march\u00e9\u00a0: la dur\u00e9e de vie de 120 000 bouff\u00e9es et la fonction quadruple saveur en font un produit rare et tr\u00e8s demand\u00e9, vous permettant d'obtenir rapidement des parts de march\u00e9 contre vos concurrents.<\/p>\n<p>Saisissez l'opportunit\u00e9 d\u00e8s maintenant\u00a0: introduisez l'UOR 120K dans votre inventaire et devenez le leader du march\u00e9\u00a0!<\/p>","protected":false},"excerpt":{"rendered":"<p>Vivez l'exp\u00e9rience <b>\u201c\u00a0Chill ultime\u00a0\u201d<\/b> pack de saveurs. <b>Glace \u00e0 la past\u00e8que<\/b>, Commencez par la douceur juteuse de <b>Menthe Myrtille<\/b>, ressentant le choc de la douceur de la pulpe de fruit et de la fra\u00eecheur glac\u00e9e\u00a0; <b>Glace aux pommes Fuji<\/b>, passer \u00e0 <b>Romance \u00e0 la chaux<\/b>, appr\u00e9ciant le m\u00e9lange parfait de richesse de baies et de fra\u00eecheur aromatique de menthe ;.<\/p>\n<p><b>puis d\u00e9placez-vous vers.<\/b><\/p>","protected":false},"featured_media":175,"template":"","meta":{"_acf_changed":false,"_seopress_robots_primary_cat":"","_seopress_titles_title":"","_seopress_titles_desc":"","_seopress_robots_index":""},"product_brand":[40],"product_cat":[39],"product_tag":[],"class_list":{"0":"post-164","1":"product","2":"type-product","3":"status-publish","4":"has-post-thumbnail","6":"product_brand-uor","7":"product_cat-120k","9":"first","10":"instock","11":"sale","12":"shipping-taxable","13":"purchasable","14":"product-type-simple"},"acf":[],"_links":{"self":[{"href":"https:\/\/uorvape.com\/fr\/wp-json\/wp\/v2\/product\/164","targetHints":{"allow":["GET"]}}],"collection":[{"href":"https:\/\/uorvape.com\/fr\/wp-json\/wp\/v2\/product"}],"about":[{"href":"https:\/\/uorvape.com\/fr\/wp-json\/wp\/v2\/types\/product"}],"wp:featuredmedia":[{"embeddable":true,"href":"https:\/\/uorvape.com\/fr\/wp-json\/wp\/v2\/media\/175"}],"wp:attachment":[{"href":"https:\/\/uorvape.com\/fr\/wp-json\/wp\/v2\/media?parent=164"}],"wp:term":[{"taxonomy":"product_brand","embeddable":true,"href":"https:\/\/uorvape.com\/fr\/wp-json\/wp\/v2\/product_brand?post=164"},{"taxonomy":"product_cat","embeddable":true,"href":"https:\/\/uorvape.com\/fr\/wp-json\/wp\/v2\/product_cat?post=164"},{"taxonomy":"product_tag","embeddable":true,"href":"https:\/\/uorvape.com\/fr\/wp-json\/wp\/v2\/product_tag?post=164"}],"curies":[{"name":"wp","href":"https:\/\/api.w.org\/{rel}","templated":true}]}}