{"id":164,"date":"2025-10-23T06:47:52","date_gmt":"2025-10-23T06:47:52","guid":{"rendered":"https:\/\/uorvape.com\/?post_type=product&#038;p=164"},"modified":"2025-10-25T09:09:10","modified_gmt":"2025-10-25T09:09:10","slug":"assaporando-il-morso-croccante-e-gelido-della-mela-con-un-finale-pulito","status":"publish","type":"product","link":"https:\/\/uorvape.com\/it\/product\/assaporando-il-morso-croccante-e-gelido-della-mela-con-un-finale-pulito\/","title":{"rendered":"UOR 120K 4 IN 1 \u2013 Ghiaccio all'anguria, menta ai mirtilli, ghiaccio alla mela Fuji e romanticismo al lime"},"content":{"rendered":"<h3>UOR 120K: ridefinire il panorama dello svapo usa e getta<\/h3>\n<p>Sei pronto per la prossima ondata di crescita dei profitti?<\/p>\n<h4>Picco tecnologico: potenza quad-core, re del gusto<\/h4>\n<p>Il cuore dell'UOR 120K \u00e8 la sua esclusiva tecnologia Quad-Flavor, che risolve completamente il problema industriale degli aromi misti. .<\/p>\n<p>Queste potenti prestazioni sono guidate da quattro bobine a rete Quad 1.0\\Omega, che lavorano in sincronia per offrire la massima produzione di vapore** e un'aspirazione incredibilmente fluida.<\/p>\n<h4>Resistenza epica: zero ansia, vittoria duratura<\/h4>\n<p>Con un sorprendente numero di sbuffi di 120.000 e un'enorme capacit\u00e0 di e-liquid da 64 ml, la durata di vita di UOR Titan \u00e8 5 volte pi\u00f9 lunga rispetto alla concorrenza. .<\/p>\n<h4>Il codice di profitto del grossista: perch\u00e9 scegliere 120K<\/h4>\n<p>Scegliere UOR significa assicurarsi margini di profitto pi\u00f9 elevati e una base clienti pi\u00f9 stabile:<\/p>\n<p>Forte potere di determinazione dei prezzi: grazie alla sua impareggiabile tecnologia e longevit\u00e0, UOR impone un premio 50% rispetto ai prodotti usa e getta standard sul mercato, aumentando in modo significativo le entrate aziendali.<br \/>\nDesign a zero reclami: utilizziamo componenti di prima qualit\u00e0 e una separazione precisa degli aromi per garantire prestazioni stabili e un tasso di guasto estremamente basso, risparmiando costi e tempo sostanziali sul supporto post-vendita.<br \/>\nDominanza del mercato: la durata di boccata di 120.000 e la funzione quad-flavor lo rendono un prodotto raro e molto richiesto, consentendoti di garantire rapidamente quote di mercato rispetto alla concorrenza.<\/p>\n<p>Cogli subito l'opportunit\u00e0: introduci l'UOR 120K nel tuo inventario e diventa il leader del mercato!<\/p>","protected":false},"excerpt":{"rendered":"<p>Sperimenta il <b>\u201cIl massimo del relax\u201d<\/b> pacchetto di sapori. <b>Ghiaccio Di Anguria<\/b>, Inizia con la succosa dolcezza di <b>Menta Al Mirtillo<\/b>, sentendo lo scontro tra la dolcezza della polpa del frutto e la freschezza del ghiaccio; <b>Ghiaccio alla mela Fuji<\/b>, passare a <b>Romanzo di calce<\/b>, godendo della perfetta miscela di ricchezza di frutti di bosco e freschezza aromatica della menta;.<\/p>\n<p><b>quindi spostati in.<\/b><\/p>","protected":false},"featured_media":175,"template":"","meta":{"_acf_changed":false,"_seopress_robots_primary_cat":"","_seopress_titles_title":"","_seopress_titles_desc":"","_seopress_robots_index":""},"product_brand":[40],"product_cat":[39],"product_tag":[],"class_list":{"0":"post-164","1":"product","2":"type-product","3":"status-publish","4":"has-post-thumbnail","6":"product_brand-uor","7":"product_cat-120k","9":"first","10":"instock","11":"sale","12":"shipping-taxable","13":"purchasable","14":"product-type-simple"},"acf":[],"_links":{"self":[{"href":"https:\/\/uorvape.com\/it\/wp-json\/wp\/v2\/product\/164","targetHints":{"allow":["GET"]}}],"collection":[{"href":"https:\/\/uorvape.com\/it\/wp-json\/wp\/v2\/product"}],"about":[{"href":"https:\/\/uorvape.com\/it\/wp-json\/wp\/v2\/types\/product"}],"wp:featuredmedia":[{"embeddable":true,"href":"https:\/\/uorvape.com\/it\/wp-json\/wp\/v2\/media\/175"}],"wp:attachment":[{"href":"https:\/\/uorvape.com\/it\/wp-json\/wp\/v2\/media?parent=164"}],"wp:term":[{"taxonomy":"product_brand","embeddable":true,"href":"https:\/\/uorvape.com\/it\/wp-json\/wp\/v2\/product_brand?post=164"},{"taxonomy":"product_cat","embeddable":true,"href":"https:\/\/uorvape.com\/it\/wp-json\/wp\/v2\/product_cat?post=164"},{"taxonomy":"product_tag","embeddable":true,"href":"https:\/\/uorvape.com\/it\/wp-json\/wp\/v2\/product_tag?post=164"}],"curies":[{"name":"wp","href":"https:\/\/api.w.org\/{rel}","templated":true}]}}