{"id":740,"date":"2025-10-25T08:24:48","date_gmt":"2025-10-25T08:24:48","guid":{"rendered":"https:\/\/uorvape.com\/?post_type=product&#038;p=740"},"modified":"2025-10-25T09:09:39","modified_gmt":"2025-10-25T09:09:39","slug":"uor-120k-4-in-1-fragola-anguria-kiwi-frutto-della-passione-guava-mango-ghiaccio-anguria-pesca-acida","status":"publish","type":"product","link":"https:\/\/uorvape.com\/it\/product\/uor-120k-4-in-1-fragola-anguria-kiwi-frutto-della-passione-guava-mango-ghiaccio-anguria-pesca-acida\/","title":{"rendered":"UOR 120K 4 IN 1 \u2013 Fragola, Anguria e Kiwi, Frutto della passione, Guava, Mango, Ghiaccio e Anguria, Pesca acida"},"content":{"rendered":"<h3>UOR 120K: ridefinire il panorama dello svapo usa e getta<\/h3>\n<p>Sei pronto per la prossima ondata di crescita dei profitti?<\/p>\n<h4>Picco tecnologico: potenza quad-core, re del gusto<\/h4>\n<p>Il cuore dell'UOR 120K \u00e8 la sua esclusiva tecnologia Quad-Flavor, che risolve completamente il problema industriale degli aromi misti. .<\/p>\n<p>Questa potente prestazione \u00e8 gestita da quattro bobine a rete quadrupla da 1,0 Omega, che lavorano in sincronia per offrire la massima produzione di vapore** e un'aspirazione incredibilmente fluida.<\/p>\n<h4>Resistenza epica: zero ansia, vittoria duratura<\/h4>\n<p>Con un sorprendente numero di sbuffi di 120.000 e un'enorme capacit\u00e0 di e-liquid da 64 ml, la durata di vita di UOR Titan \u00e8 5 volte pi\u00f9 lunga rispetto alla concorrenza. .<\/p>\n<h4>Il codice di profitto del grossista: perch\u00e9 scegliere 120K<\/h4>\n<p>Scegliere UOR significa assicurarsi margini di profitto pi\u00f9 elevati e una base clienti pi\u00f9 stabile:<\/p>\n<p>Forte potere di determinazione dei prezzi: grazie alla sua impareggiabile tecnologia e longevit\u00e0, UOR impone un premio 50% rispetto ai prodotti usa e getta standard sul mercato, aumentando in modo significativo le entrate aziendali.<br \/>\nDesign a zero reclami: utilizziamo componenti di prima qualit\u00e0 e una separazione precisa degli aromi per garantire prestazioni stabili e un tasso di guasto estremamente basso, risparmiando costi e tempo sostanziali sul supporto post-vendita.<br \/>\nDominanza del mercato: la durata di boccata di 120.000 e la funzione quad-flavor lo rendono un prodotto raro e molto richiesto, consentendoti di garantire rapidamente quote di mercato rispetto alla concorrenza.<\/p>\n<p>Cogli subito l'opportunit\u00e0: introduci l'UOR 120K nel tuo inventario e diventa il leader del mercato!<\/p>","protected":false},"excerpt":{"rendered":"<p>Lanciati in un'esperienza emozionante <b>\u201cAvventura nel gelo tropicale\u201d<\/b>. . <b>Anguria Fragola<\/b>, Apri il sipario con il classico <b>, sperimentando la collisione dei frutti pi\u00f9 soleggiati e succosi;<\/b>, poi, entra nel mondo esotico di <b>Kiwi frutto della passione Guava<\/b>, dove tre frutti tropicali si intrecciano insieme per una dolcezza stratificata e una leggera acidit\u00e0, offrendo una consistenza ricca; <b>Pesca acida dell'anguria<\/b>, poi, assapora il puro.<\/p>\n<p><b>Ghiaccio al mango.<\/b><\/p>","protected":false},"featured_media":721,"template":"","meta":{"_acf_changed":false,"_seopress_robots_primary_cat":"","_seopress_titles_title":"","_seopress_titles_desc":"","_seopress_robots_index":""},"product_brand":[40],"product_cat":[39],"product_tag":[],"class_list":{"0":"post-740","1":"product","2":"type-product","3":"status-publish","4":"has-post-thumbnail","6":"product_brand-uor","7":"product_cat-120k","9":"first","10":"instock","11":"sale","12":"shipping-taxable","13":"purchasable","14":"product-type-simple"},"acf":[],"_links":{"self":[{"href":"https:\/\/uorvape.com\/it\/wp-json\/wp\/v2\/product\/740","targetHints":{"allow":["GET"]}}],"collection":[{"href":"https:\/\/uorvape.com\/it\/wp-json\/wp\/v2\/product"}],"about":[{"href":"https:\/\/uorvape.com\/it\/wp-json\/wp\/v2\/types\/product"}],"wp:featuredmedia":[{"embeddable":true,"href":"https:\/\/uorvape.com\/it\/wp-json\/wp\/v2\/media\/721"}],"wp:attachment":[{"href":"https:\/\/uorvape.com\/it\/wp-json\/wp\/v2\/media?parent=740"}],"wp:term":[{"taxonomy":"product_brand","embeddable":true,"href":"https:\/\/uorvape.com\/it\/wp-json\/wp\/v2\/product_brand?post=740"},{"taxonomy":"product_cat","embeddable":true,"href":"https:\/\/uorvape.com\/it\/wp-json\/wp\/v2\/product_cat?post=740"},{"taxonomy":"product_tag","embeddable":true,"href":"https:\/\/uorvape.com\/it\/wp-json\/wp\/v2\/product_tag?post=740"}],"curies":[{"name":"wp","href":"https:\/\/api.w.org\/{rel}","templated":true}]}}