{"id":82,"date":"2025-10-16T11:38:32","date_gmt":"2025-10-16T11:38:32","guid":{"rendered":"https:\/\/uorvape.com\/?page_id=82"},"modified":"2025-10-26T14:17:24","modified_gmt":"2025-10-26T14:17:24","slug":"about-us","status":"publish","type":"page","link":"https:\/\/uorvape.com\/pl\/about-us\/","title":{"rendered":"O nas"},"content":{"rendered":"<p class=\"has-text-align-center\">Istnienie <strong>UOR<\/strong> jest tylko z jednego powodu: <strong>\u201cJeste\u015b jedynym powodem\u201d.\u201d<\/strong> Wierzymy w to <strong>Tw\u00f3j wyb\u00f3r, Twoja pasja i Twoja wyj\u0105tkowa \u015bcie\u017cka<\/strong> s\u0105 pocz\u0105tkiem i ko\u0144cem wszystkiego. <strong>zorientowany na u\u017cytkownika<\/strong>, wspieraj\u0105c Ci\u0119 w zdefiniowaniu w\u0142asnego \u017cycia \u2013 nie dla kogokolwiek innego, ale <strong>tylko dla siebie.<\/strong><\/p>\n\n\n\n<p class=\"has-text-align-center\"><strong>UOR<\/strong> jest symbolem <strong>osobiste wzmocnienie<\/strong>. <strong>wolno\u015b\u0107, kt\u00f3rej naprawd\u0119 pragniesz<\/strong> od wewn\u0105trz. <strong>scena<\/strong> dla ciebie <strong>rozpal sw\u00f3j w\u0142asny rozum.<\/strong><\/p>\n\n\n\n<p class=\"has-text-align-center\">Nasza filozofia projektowania produkt\u00f3w wynika z d\u0105\u017cenia do <strong>ostateczne prze\u017cycie<\/strong>, gdzie wszystko jest stworzone, aby s\u0142u\u017cy\u0107 <strong>tw\u00f3j<\/strong> rozs\u0105dek. , <strong>UOR<\/strong> zobowi\u0105zuje si\u0119 do zapewnienia, \u017ce \u200b\u200bwszystkie komponenty elektroniczne b\u0119d\u0105 u\u017cywane <strong>materia\u0142y nadaj\u0105ce si\u0119 do recyklingu o wysokim standardzie<\/strong>, gwarantuj\u0105c, \u017ce wspieraj\u0105c Twoj\u0105 pasj\u0119, my tak\u017ce <strong>odpowiedzialnie chroni\u0107 nasz wsp\u00f3lny dom.<\/strong><\/p>\n\n\n\n<p class=\"has-text-align-center\"><strong>Jako\u015b\u0107 jest naszym absolutnym standardem.<\/strong> <strong>UOR jest zarejestrowany w Wielkiej Brytanii<\/strong> i \u015bci\u015ble przestrzega najwy\u017cszych mi\u0119dzynarodowych standard\u00f3w jako\u015bci, zapewniaj\u0105c, \u017ce ka\u017cdy posiadany przez Ciebie produkt jest godny zaufania. , <strong>kiedy na pierwszym miejscu stawiasz \u201cU\u201d, musimy tak\u017ce da\u0107 z siebie wszystko.<\/strong><\/p>\n\n\n<div class=\"wp-block-image\">\n<figure class=\"aligncenter size-large\"><img alt=\"ponad 1,3 miliarda u\u017cytkownik\u00f3w tytoniu.\" loading=\"lazy\" decoding=\"async\" width=\"1024\" height=\"402\" src=\"https:\/\/uorvape.com\/wp-content\/uploads\/2025\/10\/smoker-1024x402.png\" class=\"wp-image-887\" srcset=\"https:\/\/uorvape.com\/wp-content\/uploads\/2025\/10\/smoker-1024x402.png 1024w, https:\/\/uorvape.com\/wp-content\/uploads\/2025\/10\/smoker-300x118.png 300w, https:\/\/uorvape.com\/wp-content\/uploads\/2025\/10\/smoker-768x301.png 768w, https:\/\/uorvape.com\/wp-content\/uploads\/2025\/10\/smoker-1536x602.png 1536w, https:\/\/uorvape.com\/wp-content\/uploads\/2025\/10\/smoker-18x7.png 18w, https:\/\/uorvape.com\/wp-content\/uploads\/2025\/10\/smoker-600x235.png 600w, https:\/\/uorvape.com\/wp-content\/uploads\/2025\/10\/smoker.png 1632w\" sizes=\"auto, (max-width: 1024px) 100vw, 1024px\" \/><\/figure>\n<\/div>\n\n\n<p class=\"has-text-align-center\">Palenie stwarza powa\u017cne globalne wyzwania zdrowotne, powoduj\u0105c <strong>ponad 7 milion\u00f3w zgon\u00f3w rocznie<\/strong> Wed\u0142ug WHO wynika to z bezpo\u015bredniego i biernego palenia. <strong>Pozostaje<\/strong> g\u0142\u00f3wn\u0105 mo\u017cliw\u0105 do unikni\u0119cia przyczyn\u0119 \u015bmierci <strong>i chor\u00f3b na ca\u0142ym \u015bwiecie.<\/strong>, Z.<\/p>","protected":false},"excerpt":{"rendered":"<p>Istnienie UOR ma tylko jeden pow\u00f3d: \u201cTylko UOR\u201d.<\/p>","protected":false},"author":1,"featured_media":0,"parent":0,"menu_order":0,"comment_status":"closed","ping_status":"closed","template":"","meta":{"_acf_changed":false,"_seopress_robots_primary_cat":"","_seopress_titles_title":"","_seopress_titles_desc":"","_seopress_robots_index":"","footnotes":""},"class_list":["post-82","page","type-page","status-publish","hentry"],"acf":[],"_links":{"self":[{"href":"https:\/\/uorvape.com\/pl\/wp-json\/wp\/v2\/pages\/82","targetHints":{"allow":["GET"]}}],"collection":[{"href":"https:\/\/uorvape.com\/pl\/wp-json\/wp\/v2\/pages"}],"about":[{"href":"https:\/\/uorvape.com\/pl\/wp-json\/wp\/v2\/types\/page"}],"author":[{"embeddable":true,"href":"https:\/\/uorvape.com\/pl\/wp-json\/wp\/v2\/users\/1"}],"replies":[{"embeddable":true,"href":"https:\/\/uorvape.com\/pl\/wp-json\/wp\/v2\/comments?post=82"}],"version-history":[{"count":0,"href":"https:\/\/uorvape.com\/pl\/wp-json\/wp\/v2\/pages\/82\/revisions"}],"wp:attachment":[{"href":"https:\/\/uorvape.com\/pl\/wp-json\/wp\/v2\/media?parent=82"}],"curies":[{"name":"wp","href":"https:\/\/api.w.org\/{rel}","templated":true}]}}