{"id":746,"date":"2025-10-25T08:14:51","date_gmt":"2025-10-25T08:14:51","guid":{"rendered":"https:\/\/uorvape.com\/?post_type=product&#038;p=746"},"modified":"2025-10-25T09:09:24","modified_gmt":"2025-10-25T09:09:24","slug":"uor-120k-4-in-1-blueberry-raspberry-mixed-berry-california-cherry-passion-fruit-mango","status":"publish","type":"product","link":"https:\/\/uorvape.com\/pl\/product\/uor-120k-4-in-1-blueberry-raspberry-mixed-berry-california-cherry-passion-fruit-mango\/","title":{"rendered":"UOR 120K 4 W 1 \u2013 Bor\u00f3wka Malina &amp; Mieszanka Jag\u00f3d &amp; Wi\u015bnia Kalifornijska &amp; Marakuja Mango"},"content":{"rendered":"<h3>UOR 120K: Nowa definicja krajobrazu jednorazowych waporyzator\u00f3w<\/h3>\n<p>Czy jeste\u015b gotowy na kolejn\u0105 fal\u0119 wzrostu zysk\u00f3w?<\/p>\n<h4>Szczyt technologiczny: moc czterech rdzeni, kr\u00f3l smaku<\/h4>\n<p>Sercem UOR 120K jest ekskluzywna technologia Quad-Flavor, kt\u00f3ra ca\u0142kowicie rozwi\u0105zuje bran\u017cowy problem mieszanych smak\u00f3w. .<\/p>\n<p>Ta pot\u0119\u017cna wydajno\u015b\u0107 jest nap\u0119dzana przez cztery cewki Quad Mesh o mocy 1,0 Omega, pracuj\u0105ce w synchronizacji, aby zapewni\u0107 maksymaln\u0105 produkcj\u0119 pary** i niewiarygodnie p\u0142ynny pob\u00f3r.<\/p>\n<h4>Epicka wytrzyma\u0142o\u015b\u0107: zero niepokoju, trwa\u0142e zwyci\u0119stwo<\/h4>\n<p>Dzi\u0119ki zdumiewaj\u0105cej liczbie zaci\u0105gni\u0119\u0107 wynosz\u0105cej 120 tys. i ogromnej pojemno\u015bci 64 ml e-liquidu, \u017cywotno\u015b\u0107 UOR Titan jest 5 razy d\u0142u\u017csza w por\u00f3wnaniu z konkurencj\u0105. .<\/p>\n<h4>Kod zysku hurtownika: dlaczego warto wybra\u0107 120 tys<\/h4>\n<p>Wyb\u00f3r UOR oznacza zabezpieczenie wy\u017cszych mar\u017c zysku i stabilniejszej bazy klient\u00f3w:<\/p>\n<p>Wysoka cena: dzi\u0119ki niezr\u00f3wnanej technologii i trwa\u0142o\u015bci, UOR zapewnia wy\u017csz\u0105 cen\u0119 50% w por\u00f3wnaniu ze standardowymi produktami jednorazowego u\u017cytku dost\u0119pnymi na rynku, znacznie zwi\u0119kszaj\u0105c przychody Twojej firmy.<br \/>\nProjekt zero reklamacji: u\u017cywamy najwy\u017cszej jako\u015bci komponent\u00f3w i precyzyjnej separacji smak\u00f3w, aby zapewni\u0107 stabiln\u0105 wydajno\u015b\u0107 i wyj\u0105tkowo niski wska\u017anik awaryjno\u015bci, oszcz\u0119dzaj\u0105c znaczne koszty i czas na wsparciu posprzeda\u017cnym.<br \/>\nDominacja na rynku: Trwa\u0142o\u015b\u0107 zaci\u0105gni\u0119cia 120 tys. i funkcja czterech smak\u00f3w sprawiaj\u0105, \u017ce jest to rzadki towar o du\u017cym popycie, pozwalaj\u0105cy szybko zabezpieczy\u0107 udzia\u0142 w rynku w por\u00f3wnaniu z konkurencj\u0105.<\/p>\n<p>Skorzystaj z okazji ju\u017c teraz \u2013 wprowad\u017a UOR 120K do swojego asortymentu i zosta\u0144 liderem na rynku!<\/p>","protected":false},"excerpt":{"rendered":"<p>Witamy w s\u0142odkim \u015bwiecie <b>\u201cJagodowy sad\u201d<\/b>. . <b>Bor\u00f3wka Malina<\/b>, Zacznij od s\u0142odko-cierpkiej mieszanki <b>Mieszana jagoda<\/b>, czuj\u0105c wibruj\u0105ce zderzenie dw\u00f3ch jag\u00f3d; <b>Wi\u015bnia Kalifornijska<\/b>, nast\u0119pny jest <b>Mango z marakuji<\/b>, bogata mieszanka r\u00f3\u017cnych jag\u00f3d oferuj\u0105ca harmonijn\u0105, warstwow\u0105 s\u0142odycz;.<\/p>\n<p><b>nast\u0119pnie przejd\u017a do mu\u015bni\u0119tej s\u0142o\u0144cem.<\/b><\/p>","protected":false},"featured_media":716,"template":"","meta":{"_acf_changed":false,"_seopress_robots_primary_cat":"","_seopress_titles_title":"","_seopress_titles_desc":"","_seopress_robots_index":""},"product_brand":[40],"product_cat":[39],"product_tag":[],"class_list":{"0":"post-746","1":"product","2":"type-product","3":"status-publish","4":"has-post-thumbnail","6":"product_brand-uor","7":"product_cat-120k","9":"first","10":"instock","11":"sale","12":"shipping-taxable","13":"purchasable","14":"product-type-simple"},"acf":[],"_links":{"self":[{"href":"https:\/\/uorvape.com\/pl\/wp-json\/wp\/v2\/product\/746","targetHints":{"allow":["GET"]}}],"collection":[{"href":"https:\/\/uorvape.com\/pl\/wp-json\/wp\/v2\/product"}],"about":[{"href":"https:\/\/uorvape.com\/pl\/wp-json\/wp\/v2\/types\/product"}],"wp:featuredmedia":[{"embeddable":true,"href":"https:\/\/uorvape.com\/pl\/wp-json\/wp\/v2\/media\/716"}],"wp:attachment":[{"href":"https:\/\/uorvape.com\/pl\/wp-json\/wp\/v2\/media?parent=746"}],"wp:term":[{"taxonomy":"product_brand","embeddable":true,"href":"https:\/\/uorvape.com\/pl\/wp-json\/wp\/v2\/product_brand?post=746"},{"taxonomy":"product_cat","embeddable":true,"href":"https:\/\/uorvape.com\/pl\/wp-json\/wp\/v2\/product_cat?post=746"},{"taxonomy":"product_tag","embeddable":true,"href":"https:\/\/uorvape.com\/pl\/wp-json\/wp\/v2\/product_tag?post=746"}],"curies":[{"name":"wp","href":"https:\/\/api.w.org\/{rel}","templated":true}]}}